{"id":99352,"date":"2025-05-09T19:43:51","date_gmt":"2025-05-09T16:43:51","guid":{"rendered":"https:\/\/turkiye.ai\/contact\/"},"modified":"2025-06-21T23:46:17","modified_gmt":"2025-06-21T20:46:17","slug":"contact","status":"publish","type":"page","link":"https:\/\/turkiye.ai\/en\/contact\/","title":{"rendered":"Contact"},"content":{"rendered":"\t\t<div data-elementor-type=\"wp-page\" data-elementor-id=\"99352\" class=\"elementor elementor-99352 elementor-24595\" data-elementor-post-type=\"page\">\n\t\t\t\t<div class=\"elementor-element elementor-element-5dee1f02 e-con-fit e-flex e-con e-parent\" data-id=\"5dee1f02\" data-element_type=\"container\" data-e-type=\"container\" data-settings=\"{&quot;ekit_has_onepagescroll_dot&quot;:&quot;yes&quot;}\">\n\t\t<div class=\"elementor-element elementor-element-34435c31 e-flex e-con-boxed e-con e-child\" data-id=\"34435c31\" data-element_type=\"container\" data-e-type=\"container\" data-settings=\"{&quot;ekit_has_onepagescroll_dot&quot;:&quot;yes&quot;}\">\n\t\t\t\t\t<div class=\"e-con-inner\">\n\t\t<div class=\"elementor-element elementor-element-6456d117 e-con-full e-flex e-con e-child\" data-id=\"6456d117\" data-element_type=\"container\" data-e-type=\"container\" data-settings=\"{&quot;ekit_has_onepagescroll_dot&quot;:&quot;yes&quot;}\">\n\t\t<div class=\"elementor-element elementor-element-6edc09f4 e-flex e-con-boxed e-con e-child\" data-id=\"6edc09f4\" data-element_type=\"container\" data-e-type=\"container\" data-settings=\"{&quot;ekit_has_onepagescroll_dot&quot;:&quot;yes&quot;}\">\n\t\t\t\t\t<div class=\"e-con-inner\">\n\t\t<div class=\"elementor-element elementor-element-2e5d19ae e-con-full e-flex e-con e-child\" data-id=\"2e5d19ae\" data-element_type=\"container\" data-e-type=\"container\" data-settings=\"{&quot;ekit_has_onepagescroll_dot&quot;:&quot;yes&quot;}\">\n\t\t\t\t<div class=\"elementor-element elementor-element-705a20ad elementor-widget elementor-widget-heading\" data-id=\"705a20ad\" data-element_type=\"widget\" data-e-type=\"widget\" data-settings=\"{&quot;ekit_we_effect_on&quot;:&quot;none&quot;}\" data-widget_type=\"heading.default\">\n\t\t\t\t<div class=\"elementor-widget-container\">\n\t\t\t\t\t<h3 class=\"elementor-heading-title elementor-size-default\">How Can We Help You?<\/h3>\t\t\t\t<\/div>\n\t\t\t\t<\/div>\n\t\t\t\t<div class=\"elementor-element elementor-element-11a97c47 elementor-widget elementor-widget-text-editor\" data-id=\"11a97c47\" data-element_type=\"widget\" data-e-type=\"widget\" data-settings=\"{&quot;ekit_we_effect_on&quot;:&quot;none&quot;}\" data-widget_type=\"text-editor.default\">\n\t\t\t\t<div class=\"elementor-widget-container\">\n\t\t\t\t\t\t\t\t\t<p>Please fill out the form to contact us for information about TRAI, to join the ecosystem, for collaboration or other matters. Our team will get in touch with you as soon as possible. <\/p>\t\t\t\t\t\t\t\t<\/div>\n\t\t\t\t<\/div>\n\t\t\t\t<div class=\"elementor-element elementor-element-191bb214 elementor-widget elementor-widget-text-editor\" data-id=\"191bb214\" data-element_type=\"widget\" data-e-type=\"widget\" data-settings=\"{&quot;ekit_we_effect_on&quot;:&quot;none&quot;}\" data-widget_type=\"text-editor.default\">\n\t\t\t\t<div class=\"elementor-widget-container\">\n\t\t\t\t\t\t\t\t\t<p><div data-uniq='69e2d3be1081d' class='uniq-69e2d3be1081d formcraft-css form-live align-left'><style type='text\/css' scoped='scoped'>html .formcraft-css .fc-form .form-element .submit-cover .submit-button {\n    box-shadow: none;\n    height: auto;\n    font-size: 1em;\n    line-height: 1.5em;\n    position: relative;\n    text-transform: none;\n    margin: 0 auto;\n    padding: 9px 18px 9px 18px;\n    border: 0;\n    border-radius: 25px !important;\n    width: auto;\n    cursor: pointer;\n    font-weight: 600;\n    font-family: inherit;\n    letter-spacing: 0;\n    white-space: nowrap;\n    transition: padding .25s;\n    -webkit-transition: padding .25s;\n}\n\nhtml .formcraft-css .fc-form .form-element .field-cover .formcraft-icon {\n    position: absolute;\n    right: 0;\n    top: 0;\n    cursor: text;\n    line-height: 1.4em;\n    font-size: 1.25em;\n    margin: .45em 12px .45em 12px;\n    width: 1.1em;\n    color: inherit;\n    background-color: transparent;\n    display: none !important;\n}<\/style><script> window.formcraftLogic = window.formcraftLogic || {}; window.formcraftLogic[1] = []; <\/script><div class=\"fc-pagination-cover fc-pagination-1\">\n\t\t\t\t<div class=\"fc-pagination width-100\">\n\t\t\t\t\t<!-- ngRepeat: page in Builder.FormElements track by $index --><div class=\"pagination-trigger \" data-index=\"0\">\n\t\t\t\t\t\t<span class=\"page-number\"><span >1<\/span><\/span>\n\t\t\t\t\t\t<span class=\"page-name \">Step 1<\/span>\n\t\t\t\t\t\t\n\t\t\t\t\t<\/div><!-- end ngRepeat: page in Builder.FormElements track by $index -->\n\t\t\t\t<\/div>\n\t\t\t<\/div>\n\t\t\t\n\t\t\t<style scoped=\"scoped\" >\n\t\t\t@media (max-width : 480px) {\n\t\t\t\t.fc_modal-dialog-1 .fc-pagination-cover .fc-pagination\n\t\t\t\t{\n\t\t\t\t\tbackground-color: white !important;\n\t\t\t\t}\n\t\t\t}\n\t\t\t\t\t\t.formcraft-css .fc-form.fc-form-1 .form-element .submit-cover .submit-button,\n\t\t\t.formcraft-css .fc-form.fc-form-1 .form-element .fileupload-cover .button-file,\n\t\t\t.formcraft-css .fc-form.fc-form-1 .form-element .field-cover .button,\n\t\t\t.formcraft-datepicker .ui-datepicker-header,\n\t\t\t.formcraft-datepicker .ui-datepicker-title\n\t\t\t{\n\t\t\t\tbackground: #5f46fa;\n\t\t\t\tcolor: #ffffff;\n\t\t\t}\n\t\t\t.formcraft-datepicker td .ui-state-active,\n\t\t\t.formcraft-datepicker td .ui-state-hover,\n\t\t\t.formcraft-css .fc-form.fc-form-1 .form-element .slider-cover .ui-slider-range\n\t\t\t{\n\t\t\t\tbackground: #5f46fa;\n\t\t\t}\n\t\t\t#ui-datepicker-div.formcraft-datepicker .ui-datepicker-header,\n\t\t\t.formcraft-css .fc-form .field-cover>div.full hr\n\t\t\t{\n\t\t\t\tborder-color: #533ddc;\n\t\t\t}\n\t\t\t#ui-datepicker-div.formcraft-datepicker .ui-datepicker-prev:hover,\n\t\t\t#ui-datepicker-div.formcraft-datepicker .ui-datepicker-next:hover,\n\t\t\t#ui-datepicker-div.formcraft-datepicker select.ui-datepicker-month:hover,\n\t\t\t#ui-datepicker-div.formcraft-datepicker select.ui-datepicker-year:hover\n\t\t\t{\n\t\t\t\tbackground-color: #533ddc;\n\t\t\t}\n\t\t\t.formcraft-css .fc-pagination>div.active .page-number,\n\t\t\t.formcraft-css .form-cover-builder .fc-pagination>div:first-child .page-number\n\t\t\t{\n\t\t\t\tbackground-color: #5f46fa;\n\t\t\t\tcolor: #ffffff;\n\t\t\t}\n\t\t\t#ui-datepicker-div.formcraft-datepicker table.ui-datepicker-calendar th,\n\t\t\t#ui-datepicker-div.formcraft-datepicker table.ui-datepicker-calendar td.ui-datepicker-today a,\n\t\t\t.formcraft-css .fc-form.fc-form-1 .form-element .star-cover label,\n\t\t\thtml .formcraft-css .fc-form.label-floating .form-element .field-cover.has-focus>span,\n\t\t\t.formcraft-css .fc-form.fc-form-1 .form-element .customText-cover a,\n\t\t\t.formcraft-css .prev-next>div span:hover\n\t\t\t{\n\t\t\t\tcolor: #5f46fa;\n\t\t\t}\n\t\t\t.formcraft-css .fc-form.fc-form-1 .form-element .customText-cover a:hover\n\t\t\t{\n\t\t\t\tcolor: #533ddc;\n\t\t\t}\n\t\t\thtml .formcraft-css .fc-form.fc-form-1.label-floating .form-element .field-cover > span\n\t\t\t{\n\t\t\t\tcolor: #666666;\n\t\t\t}\n\t\t\thtml .formcraft-css .fc-form .final-success .final-success-check {\n\t\t\t\tborder: 2px solid #666666;\n\t\t\t}\n\t\t\t.formcraft-css .fc-form.fc-form-1 .form-element .field-cover input[type=\"text\"],\n\t\t\t.formcraft-css .fc-form.fc-form-1 .form-element .field-cover input[type=\"email\"],\n\t\t\t.formcraft-css .fc-form.fc-form-1 .form-element .field-cover input[type=\"password\"],\n\t\t\t.formcraft-css .fc-form.fc-form-1 .form-element .field-cover input[type=\"tel\"],\n\t\t\t.formcraft-css .fc-form.fc-form-1 .form-element .field-cover textarea,\n\t\t\t.formcraft-css .fc-form.fc-form-1 .form-element .field-cover select,\n\t\t\t.formcraft-css .fc-form.fc-form-1 .form-element .field-cover .time-fields-cover,\n\t\t\t.formcraft-css .fc-form.fc-form-1 .form-element .field-cover .awesomplete ul\n\t\t\t{\n\t\t\t\tcolor: #777777;\n\t\t\t}\n\t\t\t.formcraft-css .fc-form.fc-form-1 .form-element .field-cover input[type=\"text\"],\n\t\t\t.formcraft-css .fc-form.fc-form-1 .form-element .field-cover input[type=\"password\"],\n\t\t\t.formcraft-css .fc-form.fc-form-1 .form-element .field-cover input[type=\"email\"],\n\t\t\t.formcraft-css .fc-form.fc-form-1 .form-element .field-cover input[type=\"radio\"],\n\t\t\t.formcraft-css .fc-form.fc-form-1 .form-element .field-cover input[type=\"checkbox\"],\n\t\t\t.formcraft-css .fc-form.fc-form-1 .form-element .field-cover input[type=\"tel\"],\n\t\t\t.formcraft-css .fc-form.fc-form-1 .form-element .field-cover select,\n\t\t\t.formcraft-css .fc-form.fc-form-1 .form-element .field-cover textarea\n\t\t\t{\n\t\t\t\tbackground-color: #fafafa;\n\t\t\t}\n\t\t\t.formcraft-css .fc-form.fc-form-1 .form-element .field-cover input[type=\"radio\"]:checked,\n\t\t\t.formcraft-css .fc-form.fc-form-1 .form-element .field-cover input[type=\"checkbox\"]:checked {\n\t\t\t\tborder-color: #533ddc;\n\t\t\t\tbackground: #5f46fa;\t\t\t\t\n\t\t\t}\n\t\t\t.formcraft-css .fc-form.fc-form-1 .form-element .star-cover label .star\n\t\t\t{\n\t\t\t\ttext-shadow: 0px 1px 0px #533ddc;\n\t\t\t}\n\t\t\t.formcraft-css .fc-form.fc-form-1 .form-element .slider-cover .ui-slider-range\n\t\t\t{\n\t\t\t\tbox-shadow: 0px 1px 1px #533ddc inset;\n\t\t\t}\n\t\t\t.formcraft-css .fc-form.fc-form-1 .form-element .fileupload-cover .button-file\n\t\t\t{\n\t\t\t\tborder-color: #533ddc;\n\t\t\t}\n\t\t\t.formcraft-css .fc-form.fc-form-1 .form-element .form-element-html input[type=\"password\"]:focus,\n\t\t\t.formcraft-css .fc-form.fc-form-1 .form-element .form-element-html input[type=\"email\"]:focus,\n\t\t\t.formcraft-css .fc-form.fc-form-1 .form-element .form-element-html input[type=\"tel\"]:focus,\n\t\t\t.formcraft-css .fc-form.fc-form-1 .form-element .form-element-html input[type=\"text\"]:focus,\n\t\t\t.formcraft-css .fc-form.fc-form-1 .form-element .form-element-html textarea:focus,\n\t\t\t.formcraft-css .fc-form.fc-form-1 .form-element .form-element-html select:focus\n\t\t\t{\n\t\t\t\tborder-color: #5f46fa;\n\t\t\t}\n\t\t\t.formcraft-css .fc-form.fc-form-1 .form-element .form-element-html .field-cover .is-read-only:focus {\n\t\t\t\tborder-color: #ccc;\n\t\t\t}\n\t\t\t.formcraft-css .fc-form.fc-form-1\t\t\t{\n\t\t\t\tfont-family: inherit;\n\t\t\t}\n\t\t\t@media (max-width : 480px) {\n\t\t\t\thtml .dedicated-page,\n\t\t\t\thtml .dedicated-page .formcraft-css .fc-pagination > div.active\n\t\t\t\t{\n\t\t\t\t\tbackground: white;\n\t\t\t\t}\n\t\t\t}\n\t\t<\/style>\n\t\t<div class=\"form-cover\">\n\t\t\t<form data-auto-scroll=\"\" data-no-message-redirect=\"\" data-thousand=\"\" data-decimal=\".\" data-delay=\"\" data-id=\"1\" class=\"fc-form fc-form-1 align- fc-temp-class save-form- dont-submit-hidden- remove-asterisk- icons-hide- disable-enter- label-placeholder field-border-visible frame-visible field-alignment-left   options-fade\" style=\"width: 600px; color: #666666; font-size: 100%; background: white\">\n\t\t\t\t<!-- ngRepeat: page in Builder.FormElements track by $index --><div class=\"form-page form-page-0\" data-index=\"0\">\n\t\t\t\t\t\n\t\t\t\t\t<div class=\"form-page-content      ng-not-empty\">\n\t\t\t\t\t\t<div data-identifier=\"field5\" data-index=\"0\" style=\"width: 100%\" class=\" form-element form-element-field5 options-false form-element-0 default-false form-element-type-oneLineText is-required-true odd -handle\">\n\t\t\t\t\t\t\t<div class=\"form-element-html\"><div ><label class=\"oneLineText-cover field-cover  \"><span class=\"sub-label-true\"><span class=\"main-label\"><span >Ad-Soyad<\/span><\/span><span class=\"sub-label\"><span >Ad\u0131n\u0131z\u0131 Girin<\/span><\/span><\/span><div><span class=\"error\"><\/span><input type=\"text\" placeholder=\"Ad-Soyad\" make-read-only=\"false\" data-field-id=\"field5\" name=\"field5[]\" data-min-char=\"\" data-max-char=\"\" data-val-type=\"\" data-regexp=\"\" data-is-required=\"true\" data-allow-spaces=\"\" class=\"validation-lenient\" data-placement=\"right\" data-toggle=\"tooltip\" tooltip=\"\" data-trigger=\"focus\" data-html=\"true\" data-input-mask=\"\" data-mask-placeholder=\"\" data-original-title=\"\"><i class=\"formcraft-icon formcraft-icon-type-\"><\/i><\/div><\/label><\/div><\/div>\n\t\t\t\t\t\t\t\n\t\t\t\t\t\t<\/div><div data-identifier=\"field2\" data-index=\"1\" style=\"width: 100%\" class=\" even form-element form-element-field2 options-false form-element-1 default-false form-element-type-email is-required-true -handle\">\n\t\t\t\t\t\t\t<div class=\"form-element-html\"><div ><label class=\"email-cover field-cover  \"><span class=\"sub-label-true\"><span class=\"main-label\"><span >E-Posta Adresi<\/span><\/span><span class=\"sub-label\"><span >E-Posta Adresi<\/span><\/span><\/span><div><span class=\"error\"><\/span><input placeholder=\"E-Posta Adresi\" data-field-id=\"field2\" type=\"text\" data-val-type=\"email\" make-read-only=\"\" data-is-required=\"true\" name=\"field2\" class=\"validation-lenient\" data-placement=\"right\" data-toggle=\"tooltip\" tooltip=\"\" data-trigger=\"focus\" data-html=\"true\" data-original-title=\"\"><i class=\"formcraft-icon\">email<\/i><\/div><\/label><\/div><\/div>\n\t\t\t\t\t\t\t\n\t\t\t\t\t\t<\/div><div data-identifier=\"field26\" data-index=\"2\" style=\"width: 100%\" class=\" form-element form-element-field26 options-false form-element-2 default-false form-element-type-dropdown is-required-true odd -handle\">\n\t\t\t\t\t\t\t<div class=\"form-element-html\"><div ><label class=\"dropdown-cover field-cover autocomplete-type- \"><span class=\"sub-label-true\"><span class=\"main-label\"><span >Konu<\/span><\/span><span class=\"sub-label\"><span >konu<\/span><\/span><\/span><div><span class=\"error\"><\/span><select data-is-required=\"true\" class=\"validation-lenient\" data-field-id=\"field26\" name=\"field26\" data-placement=\"right\" data-toggle=\"tooltip\" tooltip=\"\" data-trigger=\"hover\" data-html=\"true\" data-original-title=\"\"><option value=\"\" class=\" \">Bize Hangi Konu \u0130\u00e7in Ula\u015f\u0131yorsunuz?<\/option><option value=\"Ekosisteme Kat\u0131l\u0131m\" class=\" \">Ekosisteme Kat\u0131l\u0131m<\/option><option value=\"Kurumsal \u00dcyelik\" class=\" \">Kurumsal \u00dcyelik<\/option><option value=\"Dan\u0131\u015fmanl\u0131k\" class=\" \">Dan\u0131\u015fmanl\u0131k<\/option><option value=\"TRAI Academy\" class=\" \">TRAI Academy<\/option><option value=\"Di\u011fer\" class=\" \">Di\u011fer<\/option><\/select><input type=\"text\"><\/div><\/label><\/div><\/div>\n\t\t\t\t\t\t\t\n\t\t\t\t\t\t<\/div><div data-identifier=\"field16\" data-index=\"3\" style=\"width: 100%\" class=\" even form-element form-element-field16 form-element-3 default-false form-element-type-textarea -handle options-true is-required-true\">\n\t\t\t\t\t\t\t<div class=\"form-element-html\"><div ><label class=\"textarea-cover field-cover  \"><span class=\"sub-label-true\"><span class=\"main-label\"><span >Mesaj<\/span><\/span><span class=\"sub-label\"><span >Mesaj\u0131n\u0131z<\/span><\/span><\/span><div><span class=\"error\"><\/span><textarea data-field-id=\"field16\" placeholder=\"Mesaj\" class=\"validation-lenient\" name=\"field16\" value=\"\" rows=\"5\" data-min-char=\"10\" data-max-char=\"\" data-is-required=\"true\" data-placement=\"right\" data-toggle=\"tooltip\" tooltip=\"\" data-trigger=\"focus\" data-html=\"true\" data-original-title=\"\" style=\"min-height: 110.781px\"><\/textarea><div class=\"count-false\"><span class=\"current-count\">0<\/span> \/ <span class=\"max-count \"><\/span><\/div><\/div><\/label><\/div><\/div>\n\t\t\t\t\t\t\t\n\t\t\t\t\t\t<\/div><div data-identifier=\"field12\" data-index=\"4\" style=\"width: 100%\" class=\" form-element form-element-field12 options-false form-element-4 default-false form-element-type-submit is-required-false odd -handle\">\n\t\t\t\t\t\t\t<div class=\"form-element-html\"><div ><div class=\"align-right wide-true submit-cover field-cover\"><button type=\"submit\" class=\"button submit-button\"><span class=\"text \">G\u00f6nder<\/span><span class=\"spin-cover\"><i style=\"color:\" class=\"loading-icon icon-cog animate-spin\"><\/i><\/span><\/button><\/div><div class=\"submit-response \"><\/div><label ><input type=\"text\" class=\"required_field\" name=\"website\" autocomplete=\"maple-syrup-pot\"><\/label><\/div><\/div>\n\t\t\t\t\t\t\t\n\t\t\t\t\t\t<\/div><div data-identifier=\"field22\" data-index=\"5\" style=\"width: 100%\" class=\" even form-element form-element-field22 form-element-5 default-false form-element-type-checkbox is-required-true -handle options-false\">\n\t\t\t\t\t\t\t<div class=\"form-element-html\"><div ><div class=\"images-false checkbox-cover field-cover\"><span class=\"sub-label-false\"><span class=\"main-label\"><\/span><span class=\"sub-label\"><\/span><\/span><div data-placement=\"right\" data-toggle=\"tooltip\" tooltip=\"\" data-trigger=\"hover\" data-html=\"true\" data-original-title=\"\"><span class=\"error\"><\/span><label style=\"width:\" ><img alt=\"\"><input data-field-id=\"field22\" type=\"checkbox\" data-is-required=\"true\" name=\"field22[]\" value=\"Bilgilerimin do\u011frulu\u011funu kabul ediyorum.\" class=\"validation-lenient\"><span><span >Bilgilerimin do\u011frulu\u011funu kabul ediyorum.<\/span><\/span><\/label><label style=\"width:\" ><img alt=\"\"><input data-field-id=\"field22\" type=\"checkbox\" data-is-required=\"true\" name=\"field22[]\" value=\"<a href=&quot;https:\/\/turkiye.ai\/kisisel-verilerin-islenmesine-iliskin-aydinlatma-metni\/&quot;target=&quot;_blank&quot;>KVKK Metni&#8217;ni <\/a>okudum, anlad\u0131m, onayl\u0131yorum.&#8221; class=&#8221;validation-lenient&#8221;><span><a href=\"https:\/\/turkiye.ai\/kisisel-verilerin-islenmesine-iliskin-aydinlatma-metni\/\" target=\"_blank\" >KVKK Metni&#8217;ni <\/a><span >okudum, anlad\u0131m, onayl\u0131yorum.<\/span><\/span><\/label><label style=\"width:\" ><img alt=\"\"><input data-field-id=\"field22\" type=\"checkbox\" data-is-required=\"true\" name=\"field22[]\" value=\"Ki\u015fisel verilerimin reklam, ileti\u015fim, promosyon, pazarlama, haber b\u00fcltenleri gibi ticari iletilerin g\u00f6nderimi amac\u0131yla kullan\u0131lmas\u0131n\u0131 onayl\u0131yorum.\" class=\"validation-lenient\"><span><span >Ki\u015fisel verilerimin reklam, ileti\u015fim, promosyon, pazarlama, haber b\u00fcltenleri gibi ticari iletilerin g\u00f6nderimi amac\u0131yla kullan\u0131lmas\u0131n\u0131 onayl\u0131yorum.<\/span><\/span><\/label><\/div><\/div><\/div><\/div>\n\t\t\t\t\t\t\t\n\t\t\t\t\t\t<\/div>\n\t\t\t\t\t<\/div>\n\t\t\t\t<\/div><!-- end ngRepeat: page in Builder.FormElements track by $index -->\n\t\t\t<\/form>\n\t\t\t<div class=\"prev-next prev-next-1\" style=\"width: 600px; color: #666666; font-size: 100%; background: white\">\n\t\t\t\t<div>\n\t\t\t\t\t\n\t\t\t\t\t<span class=\"inactive page-prev \"><i class=\"formcraft-icon\">keyboard_arrow_left<\/i>Previous<\/span><\/div>\n\t\t\t\t<div>\n\t\t\t\t\t\n\t\t\t\t\t<span class=\"page-next \">Next<i class=\"formcraft-icon\">keyboard_arrow_right<\/i><\/span><\/div>\n\t\t\t<\/div>\n\t\t<\/div><\/div><\/p>\t\t\t\t\t\t\t\t<\/div>\n\t\t\t\t<\/div>\n\t\t\t\t<\/div>\n\t\t<div class=\"elementor-element elementor-element-6915ad9 e-con-full e-transform e-flex e-con e-child\" data-id=\"6915ad9\" data-element_type=\"container\" data-e-type=\"container\" data-settings=\"{&quot;ekit_has_onepagescroll_dot&quot;:&quot;yes&quot;,&quot;_transform_scale_effect&quot;:{&quot;unit&quot;:&quot;px&quot;,&quot;size&quot;:&quot;&quot;,&quot;sizes&quot;:[]},&quot;_transform_scale_effect_tablet&quot;:{&quot;unit&quot;:&quot;px&quot;,&quot;size&quot;:&quot;&quot;,&quot;sizes&quot;:[]},&quot;_transform_scale_effect_mobile&quot;:{&quot;unit&quot;:&quot;px&quot;,&quot;size&quot;:&quot;&quot;,&quot;sizes&quot;:[]}}\">\n\t\t\t\t<div class=\"elementor-element elementor-element-167f2d66 elementor-widget__width-initial preserve-img-ratio-fill the7-hover-visibility-disabled transform-overlay-yes exceeding-frame-yes elementor-invisible elementor-widget elementor-widget-the7-image-widget\" data-id=\"167f2d66\" data-element_type=\"widget\" data-e-type=\"widget\" data-settings=\"{&quot;_animation&quot;:&quot;fadeIn&quot;,&quot;hover_visibility&quot;:&quot;disabled&quot;,&quot;ekit_we_effect_on&quot;:&quot;none&quot;}\" data-widget_type=\"the7-image-widget.default\">\n\t\t\t\t<div class=\"elementor-widget-container\">\n\t\t\t\t\t<div class=\"the7-image-container\"><div class=\"the7-image-wrapper the7-elementor-widget the7-transform-container\"><div class=\"post-thumbnail-rollover img-css-resize-wrapper\"><img fetchpriority=\"high\" decoding=\"async\" width=\"1700\" height=\"1700\" src=\"https:\/\/turkiye.ai\/wp-content\/uploads\/2025\/05\/trai-websitesi_iletisim-.jpg\" class=\"attachment-full size-full preload-me aspect\" alt=\"\" srcset=\"https:\/\/turkiye.ai\/wp-content\/uploads\/2025\/05\/trai-websitesi_iletisim-.jpg 1700w, https:\/\/turkiye.ai\/wp-content\/uploads\/2025\/05\/trai-websitesi_iletisim--300x300.jpg 300w, https:\/\/turkiye.ai\/wp-content\/uploads\/2025\/05\/trai-websitesi_iletisim--1024x1024.jpg 1024w, https:\/\/turkiye.ai\/wp-content\/uploads\/2025\/05\/trai-websitesi_iletisim--150x150.jpg 150w, https:\/\/turkiye.ai\/wp-content\/uploads\/2025\/05\/trai-websitesi_iletisim--768x768.jpg 768w, https:\/\/turkiye.ai\/wp-content\/uploads\/2025\/05\/trai-websitesi_iletisim--1536x1536.jpg 1536w, https:\/\/turkiye.ai\/wp-content\/uploads\/2025\/05\/trai-websitesi_iletisim--600x600.jpg 600w, https:\/\/turkiye.ai\/wp-content\/uploads\/2025\/05\/trai-websitesi_iletisim--200x200.jpg 200w\" sizes=\"(max-width: 1700px) 100vw, 1700px\" style=\"--ratio: 1700 \/ 1700;\" title=\"\"><\/div><\/div><\/div>\t\t\t\t<\/div>\n\t\t\t\t<\/div>\n\t\t\t\t<div class=\"elementor-element elementor-element-30cf8008 elementor-absolute e-transform animated-fast elementor-invisible elementor-widget elementor-widget-the7_svg_image_widget\" data-id=\"30cf8008\" data-element_type=\"widget\" data-e-type=\"widget\" data-settings=\"{&quot;_position&quot;:&quot;absolute&quot;,&quot;_transform_scale_effect&quot;:{&quot;unit&quot;:&quot;px&quot;,&quot;size&quot;:6.5,&quot;sizes&quot;:[]},&quot;_transform_scale_effect_mobile&quot;:{&quot;unit&quot;:&quot;px&quot;,&quot;size&quot;:3.5,&quot;sizes&quot;:[]},&quot;_animation&quot;:&quot;zoomIn&quot;,&quot;_transform_scale_effect_tablet&quot;:{&quot;unit&quot;:&quot;px&quot;,&quot;size&quot;:4,&quot;sizes&quot;:[]},&quot;ekit_we_effect_on&quot;:&quot;none&quot;}\" data-widget_type=\"the7_svg_image_widget.default\">\n\t\t\t\t<div class=\"elementor-widget-container\">\n\t\t\t\t\t<div class=\"the7-svg-wrapper the7-elementor-widget\"><span style=\"-webkit-mask-image:url(https:\/\/turkiye.ai\/wp-content\/uploads\/2025\/01\/gradient-dot-glow.svg); mask-image:url(https:\/\/turkiye.ai\/wp-content\/uploads\/2025\/01\/gradient-dot-glow.svg)\"><img decoding=\"async\" src=\"https:\/\/turkiye.ai\/wp-content\/uploads\/2025\/01\/gradient-dot-glow.svg\" title=\"gradient-dot-glow\" alt=\"gradient-dot-glow\" loading=\"lazy\" \/><\/span><\/div>\t\t\t\t<\/div>\n\t\t\t\t<\/div>\n\t\t\t\t<\/div>\n\t\t\t\t\t<\/div>\n\t\t\t\t<\/div>\n\t\t\t\t<\/div>\n\t\t\t\t\t<\/div>\n\t\t\t\t<\/div>\n\t\t\t\t<\/div>\n\t\t\t\t<\/div>\n\t\t","protected":false},"excerpt":{"rendered":"<p>How Can We Help You? Please fill out the form to contact us for information about TRAI, to join the ecosystem, for collaboration or other matters. Our team will get in touch with you as soon as possible.<\/p>\n","protected":false},"author":1,"featured_media":98375,"parent":0,"menu_order":0,"comment_status":"closed","ping_status":"closed","template":"","meta":{"footnotes":""},"class_list":["post-99352","page","type-page","status-publish","has-post-thumbnail","hentry"],"_links":{"self":[{"href":"https:\/\/turkiye.ai\/en\/wp-json\/wp\/v2\/pages\/99352","targetHints":{"allow":["GET"]}}],"collection":[{"href":"https:\/\/turkiye.ai\/en\/wp-json\/wp\/v2\/pages"}],"about":[{"href":"https:\/\/turkiye.ai\/en\/wp-json\/wp\/v2\/types\/page"}],"author":[{"embeddable":true,"href":"https:\/\/turkiye.ai\/en\/wp-json\/wp\/v2\/users\/1"}],"replies":[{"embeddable":true,"href":"https:\/\/turkiye.ai\/en\/wp-json\/wp\/v2\/comments?post=99352"}],"version-history":[{"count":0,"href":"https:\/\/turkiye.ai\/en\/wp-json\/wp\/v2\/pages\/99352\/revisions"}],"wp:featuredmedia":[{"embeddable":true,"href":"https:\/\/turkiye.ai\/en\/wp-json\/wp\/v2\/media\/98375"}],"wp:attachment":[{"href":"https:\/\/turkiye.ai\/en\/wp-json\/wp\/v2\/media?parent=99352"}],"curies":[{"name":"wp","href":"https:\/\/api.w.org\/{rel}","templated":true}]}}